{"id":780,"date":"2019-05-26T09:50:50","date_gmt":"2019-05-26T09:50:50","guid":{"rendered":"http:\/\/badiyi.com\/?page_id=780"},"modified":"2019-05-26T11:26:53","modified_gmt":"2019-05-26T11:26:53","slug":"was-ist-musik-2-2","status":"publish","type":"page","link":"http:\/\/badiyi.com\/?page_id=780&lang=de","title":{"rendered":"Datenschutz"},"content":{"rendered":"<p>[vc_row type=&#8221;vc_default&#8221; margin_top=&#8221;0&#8243; css=&#8221;.vc_custom_1481815109265{margin-bottom: 70px !important;padding-top: 80px !important;}&#8221;][vc_column width=&#8221;5\/12&#8243; css=&#8221;.vc_custom_1481810601669{padding-bottom: 40px !important;}&#8221; offset=&#8221;vc_col-lg-4 vc_col-md-4&#8243;][vc_single_image image=&#8221;278&#8243; img_size=&#8221;1200&#215;779&#8243; alignment=&#8221;center&#8221; style=&#8221;vc_box_rounded&#8221; image_hovers=&#8221;false&#8221; lazy_loading=&#8221;true&#8221; css=&#8221;.vc_custom_1546697566836{padding-bottom: 30px !important;}&#8221;][\/vc_column][vc_column width=&#8221;7\/12&#8243; offset=&#8221;vc_col-lg-8 vc_col-md-8&#8243;]<div id=\"ultimate-heading-381169f1678717b4f\" class=\"uvc-heading ult-adjust-bottom-margin ultimate-heading-381169f1678717b4f uvc-9493 color-title accent-border-color\" data-hspacer=\"line_only\"  data-halign=\"left\" style=\"text-align:left\"><div class=\"uvc-main-heading ult-responsive\"  data-ultimate-target='.uvc-heading.ultimate-heading-381169f1678717b4f h2'  data-responsive-json-new='{\"font-size\":\"desktop:34px;\",\"line-height\":\"desktop:44px;\"}' ><h2 style=\"font-weight:bold;margin-bottom:15px;\">Datenschutz<\/h2><\/div><div class=\"uvc-heading-spacer line_only\" style=\"margin-bottom:35px;height:3px;\"><span class=\"uvc-headings-line\" style=\"border-style:solid;border-bottom-width:3px;border-color:#ccc;width:200px;\"><\/span><\/div><\/div>[vc_column_text css=&#8221;.vc_custom_1558870010602{padding-bottom: 50px !important;}&#8221;]<strong><u>Datenschutzerkl\u00e4rung:<\/u><\/strong><\/p>\n<p><strong>Wer wir sind<\/strong><\/p>\n<p>Die Adresse unserer Website ist: http:\/\/www.badiyi.com<\/p>\n<p><strong>Welche personenbezogenen Daten wir sammeln und warum wir sie sammeln<\/strong><\/p>\n<p><strong>Kommentare<\/strong><\/p>\n<p>Wenn Besucher Kommentare auf der Website schreiben, sammeln wir die Daten, die im Kommentar-Formular angezeigt werden, au\u00dferdem die IP-Adresse des Besuchers und den User-Agent-String (damit wird der Browser identifiziert), um die Erkennung von Spam zu unterst\u00fctzen.<\/p>\n<p>Aus Ihrer E-Mail-Adresse kann eine anonymisierte Zeichenfolge erstellt (auch Hash genannt) und dem Gravatar-Dienst \u00fcbergeben werden, um zu pr\u00fcfen, ob Ihr diesen benutzt. Die Datenschutzerkl\u00e4rung des Gravatar-Dienstes findest Ihr hier: https:\/\/automattic.com\/privacy\/. Nachdem Ihr Kommentar freigegeben wurde, ist Ihr Profilbild \u00f6ffentlich im Kontext Ihres Kommentars sichtbar.<\/p>\n<p><strong>Medien<\/strong><\/p>\n<p>Wenn Ihr ein registrierter Benutzer bist und Fotos auf diese Website l\u00e4dst, solltest Ihr vermeiden, Fotos mit einem EXIF-GPS-Standort hochzuladen. Besucher dieser Website k\u00f6nnten Fotos, die auf dieser Website gespeichert sind, herunterladen und deren Standort-Informationen extrahieren.<\/p>\n<p><strong>Kontaktformulare<\/strong><\/p>\n<p><strong>Cookies<\/strong><\/p>\n<p>Wenn Ihr einen Kommentar auf unserer Website schreibst, kann das eine Einwilligung sein, Ihren Namen, E-Mail-Adresse und Website in Cookies zu speichern. Dies ist eine Komfortfunktion, damit Ihr nicht, wenn Ihr einen weiteren Kommentar schreibst, all diese Daten erneut eingeben musst. Diese Cookies werden ein Jahr lang gespeichert.<\/p>\n<p>Falls Ihr ein Konto hast und dich auf dieser Website anmeldest, werden wir ein tempor\u00e4res Cookie setzen, um festzustellen, ob Ihr Browser Cookies akzeptiert. Dieses Cookie enth\u00e4lt keine personenbezogenen Daten und wird verworfen, wenn Ihr Ihren Browser schlie\u00dft.<\/p>\n<p>Wenn Ihr dich anmeldest, werden wir einige Cookies einrichten, um Ihre AnmelIhrformationen und Anzeigeoptionen zu speichern. Anmelde-Cookies verfallen nach zwei Tagen und Cookies f\u00fcr die Anzeigeoptionen nach einem Jahr. Falls Ihr bei der AnmelIhrng \u201eAngemeldet bleiben\u201c ausw\u00e4hlst, wird Ihre AnmelIhrng zwei Wochen lang aufrechterhalten. Mit der AbmelIhrng aus Ihrem Konto werden die Anmelde-Cookies gel\u00f6scht.<\/p>\n<p>Wenn Ihr einen Artikel bearbeitest oder ver\u00f6ffentlichst, wird ein zus\u00e4tzlicher Cookie in Ihrem Browser gespeichert. Dieser Cookie enth\u00e4lt keine personenbezogenen Daten und verweist nur auf die Beitrags-ID des Artikels, den Ihr gerade bearbeitet hast. Der Cookie verf\u00e4llt nach einem Tag.<\/p>\n<p><strong>Eingebettete<\/strong> <strong>Inhalte von anderen Websites<\/strong><\/p>\n<p>Beitr\u00e4ge auf dieser Website k\u00f6nnen eingebettete Inhalte beinhalten (z.\u00a0B. Videos, Bilder, Beitr\u00e4ge etc.). Eingebettete Inhalte von anderen Websites verhalten sich exakt so, als ob der Besucher die andere Website besucht h\u00e4tte.<\/p>\n<p>Diese Websites k\u00f6nnen Daten \u00fcber dich sammeln, Cookies benutzen, zus\u00e4tzliche Tracking-Dienste von Dritten einbetten und Ihre Interaktion mit diesem eingebetteten Inhalt aufzeichnen, inklusive Ihrer Interaktion mit dem eingebetteten Inhalt, falls Ihr ein Konto hast und auf dieser Website angemeldet bist.<\/p>\n<p><strong>Analysedienste<\/strong><\/p>\n<p><strong>Mit wem wir <\/strong><strong>Ihre <\/strong><strong>Daten teilen<\/strong><\/p>\n<p><strong>Wie lange wir <\/strong><strong>Ihre <\/strong><strong>Daten speichern<\/strong><\/p>\n<p>Wenn Ihr einen Kommentar schreibst, wird dieser inklusive Metadaten zeitlich unbegrenzt gespeichert. Auf diese Art k\u00f6nnen wir Folgekommentare automatisch erkennen und freigeben, anstelle sie in einer Moderations-Warteschlange festzuhalten.<\/p>\n<p>F\u00fcr Benutzer, die sich auf unserer Website registrieren, speichern wir zus\u00e4tzlich die pers\u00f6nlichen Informationen, die sie in ihren Benutzerprofilen angeben. Alle Benutzer k\u00f6nnen jederzeit ihre pers\u00f6nlichen Informationen einsehen, ver\u00e4ndern oder l\u00f6schen (der Benutzername kann nicht ver\u00e4ndert werden). Administratoren der Website k\u00f6nnen diese Informationen ebenfalls einsehen und ver\u00e4ndern.<\/p>\n<p><strong>Welche Rechte Sie an <\/strong><strong>Ihre<\/strong><strong>n Daten haben<\/strong><\/p>\n<p>Wenn Ihr ein Konto auf dieser Website besitzt oder Kommentare geschrieben hast, kannst Ihr einen Export Ihrer personenbezogenen Daten bei uns anfordern, inklusive aller Daten, die Ihr uns mitgeteilt hast. Dar\u00fcber hinaus kannst Ihr die L\u00f6schung aller personenbezogenen Daten, die wir von dir gespeichert haben, anfordern. Dies umfasst nicht die Daten, die wir aufgrund administrativer, rechtlicher oder sicherheitsrelevanter Notwendigkeiten aufbewahren m\u00fcssen.<\/p>\n<p><strong>Wohin wir Ihre Daten senden<\/strong><\/p>\n<p>Besucher-Kommentare k\u00f6nnten von einem automatisierten Dienst zur Spam-Erkennung untersucht werden.<\/p>\n<p>Ihre Kontakt-Informationen<\/p>\n<p>Weitere Informationen<\/p>\n<p>Wie wir Ihre Daten sch\u00fctzen<\/p>\n<p>Welche Ma\u00dfnahmen wir bei Datenschutzverletzungen anbieten<\/p>\n<p>Von welchen Drittanbietern wir Daten erhalten<\/p>\n<p>Welche automatisierte EntscheiIhrngsfinIhrng und\/oder Profilerstellung wir mit Benutzerdaten Ihrrchf\u00fchren<\/p>\n<p>InIhrstrielle aufsichtsrechtliche Regulierungsanforderungen<\/p>\n<p>&nbsp;<\/p>\n<p>[\/vc_column_text][vc_empty_space height=&#8221;45px&#8221;][\/vc_column][\/vc_row]<\/p>\n","protected":false},"excerpt":{"rendered":"<p>[vc_row type=&#8221;vc_default&#8221; margin_top=&#8221;0&#8243; css=&#8221;.vc_custom_1481815109265{margin-bottom: 70px !important;padding-top: 80px !important;}&#8221;][vc_column width=&#8221;5\/12&#8243; css=&#8221;.vc_custom_1481810601669{padding-bottom: 40px !important;}&#8221; offset=&#8221;vc_col-lg-4 vc_col-md-4&#8243;][vc_single_image image=&#8221;278&#8243; img_size=&#8221;1200&#215;779&#8243; alignment=&#8221;center&#8221; style=&#8221;vc_box_rounded&#8221; image_hovers=&#8221;false&#8221; lazy_loading=&#8221;true&#8221; css=&#8221;.vc_custom_1546697566836{padding-bottom: 30px !important;}&#8221;][\/vc_column][vc_column width=&#8221;7\/12&#8243; offset=&#8221;vc_col-lg-8 vc_col-md-8&#8243;][vc_column_text css=&#8221;.vc_custom_1558870010602{padding-bottom: 50px !important;}&#8221;]Datenschutzerkl\u00e4rung: Wer wir sind Die Adresse unserer Website ist: http:\/\/www.badiyi.com Welche personenbezogenen Daten wir sammeln und warum wir sie sammeln Kommentare Wenn Besucher Kommentare auf der Website&hellip;<\/p>\n","protected":false},"author":1,"featured_media":0,"parent":0,"menu_order":0,"comment_status":"closed","ping_status":"closed","template":"","meta":[],"_links":{"self":[{"href":"http:\/\/badiyi.com\/index.php?rest_route=\/wp\/v2\/pages\/780"}],"collection":[{"href":"http:\/\/badiyi.com\/index.php?rest_route=\/wp\/v2\/pages"}],"about":[{"href":"http:\/\/badiyi.com\/index.php?rest_route=\/wp\/v2\/types\/page"}],"author":[{"embeddable":true,"href":"http:\/\/badiyi.com\/index.php?rest_route=\/wp\/v2\/users\/1"}],"replies":[{"embeddable":true,"href":"http:\/\/badiyi.com\/index.php?rest_route=%2Fwp%2Fv2%2Fcomments&post=780"}],"version-history":[{"count":3,"href":"http:\/\/badiyi.com\/index.php?rest_route=\/wp\/v2\/pages\/780\/revisions"}],"predecessor-version":[{"id":796,"href":"http:\/\/badiyi.com\/index.php?rest_route=\/wp\/v2\/pages\/780\/revisions\/796"}],"wp:attachment":[{"href":"http:\/\/badiyi.com\/index.php?rest_route=%2Fwp%2Fv2%2Fmedia&parent=780"}],"curies":[{"name":"wp","href":"https:\/\/api.w.org\/{rel}","templated":true}]}}