{"id":466,"date":"2019-01-06T12:13:35","date_gmt":"2019-01-06T12:13:35","guid":{"rendered":"http:\/\/badiyi.com\/?page_id=466"},"modified":"2019-08-06T14:50:46","modified_gmt":"2019-08-06T14:50:46","slug":"rb-profile","status":"publish","type":"page","link":"http:\/\/badiyi.com\/?page_id=466&lang=de","title":{"rendered":"RB Profile"},"content":{"rendered":"<p>[vc_row type=&#8221;vc_default&#8221; margin_top=&#8221;0&#8243; css=&#8221;.vc_custom_1481816172412{margin-bottom: 80px !important;padding-top: 80px !important;}&#8221;][vc_column width=&#8221;5\/12&#8243; css=&#8221;.vc_custom_1481816184469{padding-bottom: 40px !important;}&#8221; offset=&#8221;vc_col-lg-4 vc_col-md-4&#8243;][vc_single_image image=&#8221;190&#8243; img_size=&#8221;360&#215;480&#8243; alignment=&#8221;center&#8221; style=&#8221;vc_box_circle&#8221; image_hovers=&#8221;false&#8221; lazy_loading=&#8221;true&#8221; css=&#8221;.vc_custom_1546698135539{padding-bottom: 30px !important;}&#8221;][\/vc_column][vc_column width=&#8221;7\/12&#8243; offset=&#8221;vc_col-lg-8 vc_col-md-8&#8243;]<div id=\"ultimate-heading-544169f464d05428d\" class=\"uvc-heading ult-adjust-bottom-margin ultimate-heading-544169f464d05428d uvc-546 color-title accent-subtitle-color accent-border-color\" data-hspacer=\"no_spacer\"  data-halign=\"left\" style=\"text-align:left\"><div class=\"uvc-heading-spacer no_spacer\" style=\"top\"><\/div><div class=\"uvc-main-heading ult-responsive\"  data-ultimate-target='.uvc-heading.ultimate-heading-544169f464d05428d h2'  data-responsive-json-new='{\"font-size\":\"desktop:34px;\",\"line-height\":\"desktop:44px;\"}' ><h2 style=\"font-weight:bold;margin-bottom:5px;\">Rahmatollah Badiyi<\/h2><\/div><div class=\"uvc-sub-heading ult-responsive\"  data-ultimate-target='.uvc-heading.ultimate-heading-544169f464d05428d .uvc-sub-heading '  data-responsive-json-new='{\"font-size\":\"desktop:20px;\",\"line-height\":\"desktop:32px;\"}'  style=\"font-weight:normal;margin-bottom:25px;\"><span style=\"color: #993300;\">Violinist &amp; educator<\/span><\/div><\/div>[vc_column_text css=&#8221;.vc_custom_1546776934452{padding-bottom: 50px !important;}&#8221;]Maestro Rahmatollah Badiyi kam im Jahre 1936 (persisches Jahr 1315) in Kashan, Iran zur Welt. Im Alter von f\u00fcnf Jahren machte er erste Bekanntschaft mit der persischen Fl\u00f6te Nay. Mit sieben Jahren begann er damit, Geige zu spielen und erlernte bis zu einem Alter von 11 Jahren mithilfe des Radios s\u00e4mtliche persische Musikst\u00fccke.<\/p>\n<p>Er besuchte seitdem das Konservatorium in Teheran und erlernte europ\u00e4ische klassische Musik. W\u00e4hrenddessen besuchte er den renommierten Lehrer Abolhassan Saba und Schloss das f\u00fcnfj\u00e4hrige Studium der persischen Musik bei ihm ab.<\/p>\n<p>Daraufhin arbeitete als er Professor an der nationalen Hochschule f\u00fcr Musik in Teheran und kollaborierte mehr als 23 Jahre lang mit diversen nationalen Orchestern als Konzertmeister und Solist. Er gab eine Vielzahl von Konzerten in dieser Zeit und reiste daf\u00fcr nach Afrika, Asien, Europa, Nord- und S\u00fcdamerika.<\/p>\n<p>Zus\u00e4tzlich zur Geige ist Badiyi versiert mit der Kamantscheh und dem Qitschak (einem klassischen und einem folklorischen persischen Streichinstrument).<\/p>\n<p>Das Kunst- und Kulturministerium verlieh ihm den Ehrendoktortitel als Anerkennung und Wertsch\u00e4tzung seiner Arbeit und Kunst. Badiyi war ebenfalls beteiligt an der Entstehung der Musiktheorie (Radife Aavaz) von Professor Mahmoud Karimi, gesammelt von Dr. Mohammad Taghi Massoudieh.<\/p>\n<p>1979 zog Rahmatollah Badiyi mit seiner Familie in die Niederlande und war bis 1999 als erste Violine im Nord-Niederl\u00e4ndischen Orchester angestellt. Gleichzeitig spielte er auf Kunstfestivals und Konzerten, die von europ\u00e4ischen Radio- und Fernsehsendern veranstaltet wurden. Badiyi hatte zudem interessierte Sch\u00fcler aus verschiedenen L\u00e4ndern, die er monatlich in Deutschland unterrichtete.<\/p>\n<p>Im Ruhestand f\u00fchrte er die Zusammenarbeit mit seiner Tochter, Parisa Badiyi, weiter aus und spielte auf Tournees in den USA und gab Konzerte in der ganzen Welt.<\/p>\n<p>Einige seiner Arbeiten und Ver\u00f6ffentlichungen:<\/p>\n<p>Radifhaye Ostad Saba (Persische Musikstruktur f\u00fcr Geige)<br \/>\nBand 1, 2, 3, &amp; 4<br \/>\n-Sammeln und Editieren<\/p>\n<p>Armaghan va Hadise Mehr (Persische St\u00fccke und Improvisationen f\u00fcr Geige)<br \/>\n-Autor und Arrangements<\/p>\n<p>Maestro Khaleghis Methode f\u00fcr persische Geige<br \/>\nBand 1, 2, 3 &amp; 4<br \/>\n-Editieren<br \/>\nBand 5 &amp; 6<br \/>\n-Autor[\/vc_column_text][vc_row_inner][vc_column_inner css=&#8221;.vc_custom_1481816126748{padding-bottom: 40px !important;}&#8221; offset=&#8221;vc_col-lg-6 vc_col-md-12&#8243;][\/vc_column_inner][vc_column_inner css=&#8221;.vc_custom_1481816132390{padding-bottom: 50px !important;}&#8221; offset=&#8221;vc_col-lg-6 vc_col-md-12&#8243;][\/vc_column_inner][\/vc_row_inner]<div id=\"ultimate-heading-32369f464d05431c\" class=\"uvc-heading ult-adjust-bottom-margin ultimate-heading-32369f464d05431c uvc-6182 color-title accent-border-color\" data-hspacer=\"no_spacer\"  data-halign=\"left\" style=\"text-align:left\"><div class=\"uvc-heading-spacer no_spacer\" style=\"top\"><\/div><div class=\"uvc-main-heading ult-responsive\"  data-ultimate-target='.uvc-heading.ultimate-heading-32369f464d05431c h2'  data-responsive-json-new='{\"font-size\":\"desktop:22px;\",\"line-height\":\"desktop:32px;\"}' ><h2 style=\"font-weight:bold;margin-bottom:20px;\">Kontaktdaten<\/h2><\/div><\/div>[vc_row_inner][vc_column_inner width=&#8221;1\/3&#8243; css=&#8221;.vc_custom_1481816212917{padding-bottom: 30px !important;}&#8221;][\/vc_column_inner][vc_column_inner width=&#8221;1\/3&#8243; css=&#8221;.vc_custom_1481816222041{padding-bottom: 30px !important;}&#8221;][\/vc_column_inner][vc_column_inner width=&#8221;1\/3&#8243; css=&#8221;.vc_custom_1481816226570{padding-bottom: 30px !important;}&#8221;][\/vc_column_inner][\/vc_row_inner]<div class=\" vc_custom_1481816232430  uavc-icons \">\n<a class=\"aio-tooltip 69f464d0546b8\" href=\"https:\/\/de-de.facebook.com\/rahmatollah.badiyi\/\" target=\"_blank\" rel=\"noopener\"  data-toggle=\"tooltip\" data-placement=\"\" title=\"\"><div class=\"aio-icon advanced \" data-animation=\"\" data-animation-delay=\"03\" style=\"color:#ffffff;background:#318ce0;border-style:solid;border-color:;border-width:0px;width:36px;height:36px;line-height:36px;border-radius:500px;font-size:16px;margin-right:5px;\">\n\t<i class=\"icomoon-free-social-contact-16x16-facebook\"><\/i>\n<\/div><\/a><\/div>[\/vc_column][\/vc_row]<\/p>\n","protected":false},"excerpt":{"rendered":"<p>[vc_row type=&#8221;vc_default&#8221; margin_top=&#8221;0&#8243; css=&#8221;.vc_custom_1481816172412{margin-bottom: 80px !important;padding-top: 80px !important;}&#8221;][vc_column width=&#8221;5\/12&#8243; css=&#8221;.vc_custom_1481816184469{padding-bottom: 40px !important;}&#8221; offset=&#8221;vc_col-lg-4 vc_col-md-4&#8243;][vc_single_image image=&#8221;190&#8243; img_size=&#8221;360&#215;480&#8243; alignment=&#8221;center&#8221; style=&#8221;vc_box_circle&#8221; image_hovers=&#8221;false&#8221; lazy_loading=&#8221;true&#8221; css=&#8221;.vc_custom_1546698135539{padding-bottom: 30px !important;}&#8221;][\/vc_column][vc_column width=&#8221;7\/12&#8243; offset=&#8221;vc_col-lg-8 vc_col-md-8&#8243;][vc_column_text css=&#8221;.vc_custom_1546776934452{padding-bottom: 50px !important;}&#8221;]Maestro Rahmatollah Badiyi kam im Jahre 1936 (persisches Jahr 1315) in Kashan, Iran zur Welt. Im Alter von f\u00fcnf Jahren machte er erste Bekanntschaft mit der persischen&hellip;<\/p>\n","protected":false},"author":1,"featured_media":0,"parent":0,"menu_order":10,"comment_status":"closed","ping_status":"closed","template":"","meta":[],"_links":{"self":[{"href":"http:\/\/badiyi.com\/index.php?rest_route=\/wp\/v2\/pages\/466"}],"collection":[{"href":"http:\/\/badiyi.com\/index.php?rest_route=\/wp\/v2\/pages"}],"about":[{"href":"http:\/\/badiyi.com\/index.php?rest_route=\/wp\/v2\/types\/page"}],"author":[{"embeddable":true,"href":"http:\/\/badiyi.com\/index.php?rest_route=\/wp\/v2\/users\/1"}],"replies":[{"embeddable":true,"href":"http:\/\/badiyi.com\/index.php?rest_route=%2Fwp%2Fv2%2Fcomments&post=466"}],"version-history":[{"count":5,"href":"http:\/\/badiyi.com\/index.php?rest_route=\/wp\/v2\/pages\/466\/revisions"}],"predecessor-version":[{"id":851,"href":"http:\/\/badiyi.com\/index.php?rest_route=\/wp\/v2\/pages\/466\/revisions\/851"}],"wp:attachment":[{"href":"http:\/\/badiyi.com\/index.php?rest_route=%2Fwp%2Fv2%2Fmedia&parent=466"}],"curies":[{"name":"wp","href":"https:\/\/api.w.org\/{rel}","templated":true}]}}