{"id":464,"date":"2019-01-06T12:12:24","date_gmt":"2019-01-06T12:12:24","guid":{"rendered":"http:\/\/badiyi.com\/?page_id=464"},"modified":"2019-08-06T15:04:35","modified_gmt":"2019-08-06T15:04:35","slug":"pb-profile","status":"publish","type":"page","link":"http:\/\/badiyi.com\/?page_id=464&lang=de","title":{"rendered":"PB Profile"},"content":{"rendered":"<p>[vc_row type=&#8221;vc_default&#8221; margin_top=&#8221;0&#8243; css=&#8221;.vc_custom_1481816172412{margin-bottom: 80px !important;padding-top: 80px !important;}&#8221;][vc_column width=&#8221;5\/12&#8243; css=&#8221;.vc_custom_1481816184469{padding-bottom: 40px !important;}&#8221; offset=&#8221;vc_col-lg-4 vc_col-md-4&#8243;][vc_single_image image=&#8221;423&#8243; img_size=&#8221;828\u00d71280&#8243; alignment=&#8221;center&#8221; style=&#8221;vc_box_shadow_3d&#8221; lazy_loading=&#8221;true&#8221; css=&#8221;.vc_custom_1553990822001{padding-bottom: 30px !important;}&#8221;][\/vc_column][vc_column width=&#8221;7\/12&#8243; offset=&#8221;vc_col-lg-8 vc_col-md-8&#8243;]<div id=\"ultimate-heading-91106a047517f2cd5\" class=\"uvc-heading ult-adjust-bottom-margin ultimate-heading-91106a047517f2cd5 uvc-5903 color-title accent-subtitle-color accent-border-color\" data-hspacer=\"no_spacer\"  data-halign=\"left\" style=\"text-align:left\"><div class=\"uvc-heading-spacer no_spacer\" style=\"top\"><\/div><div class=\"uvc-main-heading ult-responsive\"  data-ultimate-target='.uvc-heading.ultimate-heading-91106a047517f2cd5 h2'  data-responsive-json-new='{\"font-size\":\"desktop:34px;\",\"line-height\":\"desktop:44px;\"}' ><h2 style=\"font-weight:bold;margin-bottom:5px;\">Parisa Badiyi<\/h2><\/div><div class=\"uvc-sub-heading ult-responsive\"  data-ultimate-target='.uvc-heading.ultimate-heading-91106a047517f2cd5 .uvc-sub-heading '  data-responsive-json-new='{\"font-size\":\"desktop:20px;\",\"line-height\":\"desktop:32px;\"}'  style=\"font-weight:normal;margin-bottom:25px;\"><\/p>\n<div class=\"uvc-main-heading ult-responsive\" data-ultimate-target=\".uvc-heading.ultimate-heading-68755c308f0931aaa h2\" data-responsive-json-new=\"{&quot;font-size&quot;:&quot;desktop:18px;&quot;,&quot;line-height&quot;:&quot;desktop:28px;&quot;}\">\n<p><span style=\"color: #993300;\">Violinist &amp; educator<\/span><\/p>\n<\/div>\n<p><\/div><\/div>[vc_column_text css=&#8221;.vc_custom_1553990807407{padding-bottom: 50px !important;}&#8221;]<\/p>\n<p class=\"Default\"><b><span lang=\"DE\" style=\"font-size: 11.0pt;\">Parisa Badiyi <\/span><\/b><span lang=\"DE\" style=\"font-size: 11.0pt;\">ist in Teheran, Iran geboren. Als Tochter des international renommierten Violinisten Rahmatollah Badiyi, wuchs sie in einer von Musik gepr\u00e4gten Umgebung auf.<\/span><\/p>\n<p class=\"Default\"><span lang=\"DE\" style=\"font-size: 11.0pt;\">Folglich war ihr die klassische Musik von fr\u00fcher Kindheit an vertraut. Bereits mit neun Jahren begann sie mit der Ausbildung f\u00fcr klassische europ\u00e4ische Musik mit dem Schwerpunkt Geige.<\/span><\/p>\n<p class=\"Default\"><span lang=\"DE\" style=\"font-size: 11.0pt;\">1979 kam Parisa mit ihrer Familie in die Niederlande, wo sie ihr Studium am Konservatorium abschloss.<\/span><\/p>\n<p class=\"Default\"><span lang=\"DE\" style=\"font-size: 11.0pt;\">1989 zog Parisa nach Deutschland. Seit 25 Jahren lebt sie in Remscheid.<\/span><\/p>\n<p class=\"Default\"><span lang=\"DE\" style=\"font-size: 11.0pt;\">W\u00e4hrend ihres Studiums gewann sie einen Jugendwettbewerb und wirkte in diversen Orchestern als erste Geigerin mit.<\/span><\/p>\n<p class=\"Default\"><span lang=\"DE\" style=\"font-size: 11.0pt;\">Sie ist derzeit als Musiklehrerin in Remscheid und K\u00f6ln t\u00e4tig. Besondere Erfahrung besitzt sie in der <\/span><span style=\"color: #993300;\"><a style=\"color: #993300;\" href=\"https:\/\/en.germansuzuki.com\/?page_id=263\" target=\"_blank\" rel=\"noopener noreferrer\"><b><u><span lang=\"DE\" style=\"font-size: 11pt;\">Suzuki-Methode<\/span><\/u><\/b><\/a><\/span><span lang=\"DE\" style=\"font-size: 11.0pt;\"> (f\u00fcr Kinder ab 3 Jahren), mit der sie sich mit gro\u00dfem Interesse durch Seminare und Fortbildungsma\u00dfnahmen vertraut machte.<\/span><\/p>\n<p class=\"Default\"><span lang=\"DE\" style=\"font-size: 11.0pt;\">Weitere T\u00e4tigkeiten:<\/span><\/p>\n<p class=\"Default\"><span lang=\"DE\">&#8211; langj\u00e4hrige Erfahrungen in der\u00a0<\/span><span style=\"color: #993300;\"><a style=\"color: #993300;\" href=\"http:\/\/www.colourstrings.fi\/the-method-2\/\" target=\"_blank\" rel=\"noopener noreferrer\"><b><u><span lang=\"DE\" style=\"font-size: 11pt;\">Colourstrings-Methode<\/span><\/u><\/b><\/a><\/span><\/p>\n<p class=\"Default\"><span lang=\"DE\">&#8211; Streicherklasse nach <\/span><span style=\"color: #993300;\"><a style=\"color: #993300;\" href=\"http:\/\/www.streicherklassen.de\/rolland_methode.html\" target=\"_blank\" rel=\"noopener noreferrer\"><b><u><span lang=\"DE\" style=\"font-size: 11pt;\">Paul Rolland<\/span><\/u><\/b><\/a><\/span><\/p>\n<p class=\"Default\"><span lang=\"DE\" style=\"font-size: 11.0pt;\">&#8211; 20 Jahre Erlernen der traditionellen\/klassischen Musik des Iran bei ihrem<\/span><span style=\"font-size: 11pt; word-spacing: normal;\"> Vater<\/span><\/p>\n<p class=\"Default\"><span lang=\"DE\" style=\"font-size: 11.0pt;\">&#8211; 9 ver\u00f6ffentlichte Alben ihrer Darbietungen in variantenreicher Besetzung<\/span><\/p>\n<p class=\"Default\"><span lang=\"DE\" style=\"font-size: 11.0pt;\">Seit 1988 konzertiert sie erfolgreich in Nord- und S\u00fcdamerika, Australien und in Europa. Mit<\/span><span style=\"font-size: 11pt; word-spacing: normal;\">\u00a0ihren au\u00dfergew\u00f6hnlichen musikalischen Darbietungen sorgt sie stets f\u00fcr gro\u00dfe Begeisterung.<\/span><\/p>\n<p class=\"Default\"><span lang=\"DE\" style=\"font-size: 11.0pt;\">Zus\u00e4tzlich <\/span><span style=\"font-size: 11pt; word-spacing: normal;\">zu den Konzerten spielte Parisa die gesamten Violinen-Lehr- und Lernmethoden f\u00fcr persische Musik im Studio ein. Das<\/span><span style=\"font-size: 11pt; word-spacing: normal;\"> Ergebnis bestehend aus 6 ver\u00f6ffentlichten B\u00e4nden mit entsprechenden CDs, welche auch im Iran erh\u00e4ltlich sind.<\/span><\/p>\n<p class=\"Default\"><span lang=\"DE\">Eine ihrer Aktivit\u00e4ten in der K\u00f6lner Musikschule ist die Leitung eines persischen<\/span><span style=\"color: #993300;\"><b style=\"color: #993300;\"><u><span lang=\"DE\" style=\"font-size: 11pt;\"><a style=\"color: #993300;\" href=\"https:\/\/www.facebook.com\/groups\/1310419435640997\/?ref=bookmarksjhjh\" target=\"_blank\" rel=\"noopener noreferrer\"> Ensembles,<\/a><\/span><\/u><\/b><\/span><span style=\"font-size: 11.5pt; word-spacing: normal;\">\u00a0welches aus Interessierten verschiedener Nationalit\u00e4ten und unterschiedlichen Alters besteht.<\/span><\/p>\n<p>[\/vc_column_text][vc_row_inner][vc_column_inner css=&#8221;.vc_custom_1481816126748{padding-bottom: 40px !important;}&#8221; offset=&#8221;vc_col-lg-6 vc_col-md-12&#8243;][\/vc_column_inner][vc_column_inner css=&#8221;.vc_custom_1481816132390{padding-bottom: 50px !important;}&#8221; offset=&#8221;vc_col-lg-6 vc_col-md-12&#8243;][\/vc_column_inner][\/vc_row_inner]<div id=\"ultimate-heading-2396a047517f2d30\" class=\"uvc-heading ult-adjust-bottom-margin ultimate-heading-2396a047517f2d30 uvc-3252 color-title accent-border-color\" data-hspacer=\"no_spacer\"  data-halign=\"left\" style=\"text-align:left\"><div class=\"uvc-heading-spacer no_spacer\" style=\"top\"><\/div><div class=\"uvc-main-heading ult-responsive\"  data-ultimate-target='.uvc-heading.ultimate-heading-2396a047517f2d30 h2'  data-responsive-json-new='{\"font-size\":\"desktop:22px;\",\"line-height\":\"desktop:32px;\"}' ><h2 style=\"font-weight:bold;margin-bottom:20px;\">Kontaktdaten<\/h2><\/div><\/div>[vc_row_inner][vc_column_inner width=&#8221;1\/3&#8243; css=&#8221;.vc_custom_1481816212917{padding-bottom: 30px !important;}&#8221;][vc_column_text]<\/p>\n<p style=\"text-align: left;\"><strong><span class=\"color-title\">E-Mail:<\/span><\/strong><br \/>\nparisa[at]badiyi.com<\/p>\n<p>[\/vc_column_text][\/vc_column_inner][vc_column_inner width=&#8221;1\/3&#8243; css=&#8221;.vc_custom_1481816222041{padding-bottom: 30px !important;}&#8221;][vc_column_text]<\/p>\n<p style=\"text-align: left;\"><strong><span class=\"color-title\">Mobilnummer:<\/span><\/strong><br \/>\n+49 176 5540 1936<\/p>\n<p>[\/vc_column_text][\/vc_column_inner][vc_column_inner width=&#8221;1\/3&#8243; css=&#8221;.vc_custom_1481816226570{padding-bottom: 30px !important;}&#8221;][\/vc_column_inner][\/vc_row_inner]<div class=\" vc_custom_1481816232430  uavc-icons \">\n<a class=\"aio-tooltip 6a047517f3030\" href=\"https:\/\/www.facebook.com\/Parisa-Badiyi-586058458452642\/\" target=\"_blank\" rel=\"noopener\"  data-toggle=\"tooltip\" data-placement=\"\" title=\"\"><div class=\"aio-icon advanced \" data-animation=\"\" data-animation-delay=\"03\" style=\"color:#ffffff;background:#318ce0;border-style:solid;border-color:;border-width:0px;width:36px;height:36px;line-height:36px;border-radius:500px;font-size:16px;margin-right:5px;\">\n\t<i class=\"icomoon-free-social-contact-16x16-facebook\"><\/i>\n<\/div><\/a>\n<a class=\"aio-tooltip 6a047517f309e\" href=\"https:\/\/www.instagram.com\/parisabadiyi\/\" target=\"_blank\" rel=\"noopener\"  data-toggle=\"tooltip\" data-placement=\"\" title=\"\"><div class=\"aio-icon advanced \" data-animation=\"\" data-animation-delay=\"03\" style=\"color:#ffffff;background:#e231bf;border-style:solid;border-color:;border-width:0px;width:36px;height:36px;line-height:36px;border-radius:500px;font-size:16px;margin-right:5px;\">\n\t<i class=\"icomoon-free-social-contact-16x16-instagram\"><\/i>\n<\/div><\/a><\/div>[\/vc_column][\/vc_row]<\/p>\n","protected":false},"excerpt":{"rendered":"<p>[vc_row type=&#8221;vc_default&#8221; margin_top=&#8221;0&#8243; css=&#8221;.vc_custom_1481816172412{margin-bottom: 80px !important;padding-top: 80px !important;}&#8221;][vc_column width=&#8221;5\/12&#8243; css=&#8221;.vc_custom_1481816184469{padding-bottom: 40px !important;}&#8221; offset=&#8221;vc_col-lg-4 vc_col-md-4&#8243;][vc_single_image image=&#8221;423&#8243; img_size=&#8221;828\u00d71280&#8243; alignment=&#8221;center&#8221; style=&#8221;vc_box_shadow_3d&#8221; lazy_loading=&#8221;true&#8221; css=&#8221;.vc_custom_1553990822001{padding-bottom: 30px !important;}&#8221;][\/vc_column][vc_column width=&#8221;7\/12&#8243; offset=&#8221;vc_col-lg-8 vc_col-md-8&#8243;][vc_column_text css=&#8221;.vc_custom_1553990807407{padding-bottom: 50px !important;}&#8221;] Parisa Badiyi ist in Teheran, Iran geboren. Als Tochter des international renommierten Violinisten Rahmatollah Badiyi, wuchs sie in einer von Musik gepr\u00e4gten Umgebung auf. Folglich war ihr&hellip;<\/p>\n","protected":false},"author":1,"featured_media":0,"parent":0,"menu_order":10,"comment_status":"closed","ping_status":"closed","template":"","meta":[],"_links":{"self":[{"href":"http:\/\/badiyi.com\/index.php?rest_route=\/wp\/v2\/pages\/464"}],"collection":[{"href":"http:\/\/badiyi.com\/index.php?rest_route=\/wp\/v2\/pages"}],"about":[{"href":"http:\/\/badiyi.com\/index.php?rest_route=\/wp\/v2\/types\/page"}],"author":[{"embeddable":true,"href":"http:\/\/badiyi.com\/index.php?rest_route=\/wp\/v2\/users\/1"}],"replies":[{"embeddable":true,"href":"http:\/\/badiyi.com\/index.php?rest_route=%2Fwp%2Fv2%2Fcomments&post=464"}],"version-history":[{"count":9,"href":"http:\/\/badiyi.com\/index.php?rest_route=\/wp\/v2\/pages\/464\/revisions"}],"predecessor-version":[{"id":852,"href":"http:\/\/badiyi.com\/index.php?rest_route=\/wp\/v2\/pages\/464\/revisions\/852"}],"wp:attachment":[{"href":"http:\/\/badiyi.com\/index.php?rest_route=%2Fwp%2Fv2%2Fmedia&parent=464"}],"curies":[{"name":"wp","href":"https:\/\/api.w.org\/{rel}","templated":true}]}}