{"id":457,"date":"2019-01-06T12:03:48","date_gmt":"2019-01-06T12:03:48","guid":{"rendered":"http:\/\/badiyi.com\/?page_id=457"},"modified":"2019-04-01T13:40:36","modified_gmt":"2019-04-01T13:40:36","slug":"was-ist-musik","status":"publish","type":"page","link":"http:\/\/badiyi.com\/?page_id=457&lang=de","title":{"rendered":"Was ist Musik?"},"content":{"rendered":"<p>[vc_row type=&#8221;vc_default&#8221; margin_top=&#8221;0&#8243; css=&#8221;.vc_custom_1481815109265{margin-bottom: 70px !important;padding-top: 80px !important;}&#8221;][vc_column width=&#8221;5\/12&#8243; css=&#8221;.vc_custom_1481810601669{padding-bottom: 40px !important;}&#8221; offset=&#8221;vc_col-lg-4 vc_col-md-4&#8243;][vc_single_image image=&#8221;278&#8243; img_size=&#8221;1200&#215;779&#8243; alignment=&#8221;center&#8221; style=&#8221;vc_box_rounded&#8221; image_hovers=&#8221;false&#8221; lazy_loading=&#8221;true&#8221; css=&#8221;.vc_custom_1546697566836{padding-bottom: 30px !important;}&#8221;][\/vc_column][vc_column width=&#8221;7\/12&#8243; offset=&#8221;vc_col-lg-8 vc_col-md-8&#8243;]<div id=\"ultimate-heading-114369f163b99bf4f\" class=\"uvc-heading ult-adjust-bottom-margin ultimate-heading-114369f163b99bf4f uvc-3153 color-title accent-border-color\" data-hspacer=\"line_only\"  data-halign=\"left\" style=\"text-align:left\"><div class=\"uvc-main-heading ult-responsive\"  data-ultimate-target='.uvc-heading.ultimate-heading-114369f163b99bf4f h2'  data-responsive-json-new='{\"font-size\":\"desktop:34px;\",\"line-height\":\"desktop:44px;\"}' ><h2 style=\"font-weight:bold;margin-bottom:15px;\">Was ist Musik?<\/h2><\/div><div class=\"uvc-heading-spacer line_only\" style=\"margin-bottom:35px;height:3px;\"><span class=\"uvc-headings-line\" style=\"border-style:solid;border-bottom-width:3px;border-color:#ccc;width:200px;\"><\/span><\/div><div class=\"uvc-sub-heading ult-responsive\"  data-ultimate-target='.uvc-heading.ultimate-heading-114369f163b99bf4f .uvc-sub-heading '  data-responsive-json-new='{\"font-size\":\"desktop:20px;\",\"line-height\":\"desktop:32px;\"}'  style=\"font-weight:normal;margin-bottom:25px;\">Sie ist eine Verbindung harmonischer Kl\u00e4nge&#8230; und ist ein wichtiges Mittel f\u00fcr die Erziehung und Entwichlung der Menschheit&#8230;<\/div><\/div>[vc_column_text css=&#8221;.vc_custom_1554126024093{padding-bottom: 50px !important;}&#8221;]Nach wissenschaftlichen Erkenntnissen zahlreicher Gelehrter hat die Musik zur geistigen Entwicklung des Menschen bereits von der embryonalen Phase an einen gro\u00dfen Einfluss. Es wurde der Beweis erbracht, dass Musik, praktiziert oder geh\u00f6rt, sowohl die Lernf\u00e4higkeit, das Ged\u00e4chtnis als auch die Konzentration f\u00f6rdert. Diese Erkenntnisse tragen dazu bei, dass ich viel Freude beim durch die Musik motiviert werden.<br \/>\nDurch mein Studium und die langj\u00e4hrige Erfahrung in der Arbeit mit Kindern ist die Pflege der klassischen Musik Irans wesentlich, zumal ich an mir selbst den Einfluss seit fr\u00fchester Kindheit erfahren habe nun habe ich mich fallen in die westliche Welt und Europa integriert und eine gro\u00dfe Wertsch\u00e4tzung beide Kulturen entwickelt.<br \/>\nIn meiner iranischen Familie lebt auch die iranische Kultur weiter und hat einen festen Platz in meinem Leben. Ich verstehe meine musikalische Arbeit als eine Br\u00fccke zwischen Orient und Okzident und als einen kulturellen Austausch zwischen den V\u00f6lkern.[\/vc_column_text][vc_empty_space height=&#8221;45px&#8221;][\/vc_column][\/vc_row]<\/p>\n","protected":false},"excerpt":{"rendered":"<p>[vc_row type=&#8221;vc_default&#8221; margin_top=&#8221;0&#8243; css=&#8221;.vc_custom_1481815109265{margin-bottom: 70px !important;padding-top: 80px !important;}&#8221;][vc_column width=&#8221;5\/12&#8243; css=&#8221;.vc_custom_1481810601669{padding-bottom: 40px !important;}&#8221; offset=&#8221;vc_col-lg-4 vc_col-md-4&#8243;][vc_single_image image=&#8221;278&#8243; img_size=&#8221;1200&#215;779&#8243; alignment=&#8221;center&#8221; style=&#8221;vc_box_rounded&#8221; image_hovers=&#8221;false&#8221; lazy_loading=&#8221;true&#8221; css=&#8221;.vc_custom_1546697566836{padding-bottom: 30px !important;}&#8221;][\/vc_column][vc_column width=&#8221;7\/12&#8243; offset=&#8221;vc_col-lg-8 vc_col-md-8&#8243;][vc_column_text css=&#8221;.vc_custom_1554126024093{padding-bottom: 50px !important;}&#8221;]Nach wissenschaftlichen Erkenntnissen zahlreicher Gelehrter hat die Musik zur geistigen Entwicklung des Menschen bereits von der embryonalen Phase an einen gro\u00dfen Einfluss. Es wurde der Beweis erbracht,&hellip;<\/p>\n","protected":false},"author":1,"featured_media":0,"parent":0,"menu_order":0,"comment_status":"closed","ping_status":"closed","template":"","meta":[],"_links":{"self":[{"href":"http:\/\/badiyi.com\/index.php?rest_route=\/wp\/v2\/pages\/457"}],"collection":[{"href":"http:\/\/badiyi.com\/index.php?rest_route=\/wp\/v2\/pages"}],"about":[{"href":"http:\/\/badiyi.com\/index.php?rest_route=\/wp\/v2\/types\/page"}],"author":[{"embeddable":true,"href":"http:\/\/badiyi.com\/index.php?rest_route=\/wp\/v2\/users\/1"}],"replies":[{"embeddable":true,"href":"http:\/\/badiyi.com\/index.php?rest_route=%2Fwp%2Fv2%2Fcomments&post=457"}],"version-history":[{"count":7,"href":"http:\/\/badiyi.com\/index.php?rest_route=\/wp\/v2\/pages\/457\/revisions"}],"predecessor-version":[{"id":703,"href":"http:\/\/badiyi.com\/index.php?rest_route=\/wp\/v2\/pages\/457\/revisions\/703"}],"wp:attachment":[{"href":"http:\/\/badiyi.com\/index.php?rest_route=%2Fwp%2Fv2%2Fmedia&parent=457"}],"curies":[{"name":"wp","href":"https:\/\/api.w.org\/{rel}","templated":true}]}}